{"id":10528,"date":"2019-05-28T08:18:33","date_gmt":"2019-05-28T06:18:33","guid":{"rendered":"https:\/\/www.supportinspain.info\/organisations\/c-s-arico-public-health-centre-centro-de-salud-es\/"},"modified":"2019-05-28T08:18:33","modified_gmt":"2019-05-28T06:18:33","slug":"c-s-arico-public-health-centre-centro-de-salud-es","status":"publish","type":"product","link":"https:\/\/www.supportinspain.info\/es\/organizaciones\/c-s-arico-public-health-centre-centro-de-salud-es\/","title":{"rendered":"C.S. Arico &#8211; Public Health Centre (Centro de Salud)"},"content":{"rendered":"<p>El centro de salud p\u00fablico de su localidad, gestionado por el Servicio Canario de la Salud, es el canal al que hay que recurrir para recibir la asistencia y el apoyo del sector p\u00fablico espa\u00f1ol en caso de padecer una dolencia m\u00e9dica o discapacidad a corto o largo plazo. Tambi\u00e9n es una v\u00eda de poder empezar el proceso a acceder a las prestaciones sociales donde la necesidad est\u00e1 vinculada a una condici\u00f3n m\u00e9dica controlada por lo m\u00e9dicos de centro.<\/p>\n","protected":false},"excerpt":{"rendered":"<p>Haga clic en el enlace web para obtener una explicaci\u00f3n de c\u00f3mo encontrar su centro de salud local. UNA NOTA SOBRE LA TRADUCCI\u00d3N AL INGL\u00c9S: No hay un servicio de interpretaci\u00f3n autom\u00e1tica disponible en ingl\u00e9s. La mayor\u00eda de los centros de salud tienen personal que habla ingl\u00e9s, especialmente en \u00e1reas con m\u00e1s residentes extranjeros. En \u00e1reas con pocos residentes extranjeros, es recomendable hacer una primera visita con un hablante de espa\u00f1ol y preguntar por la disponibilidad de m\u00e9dicos que hablen ingl\u00e9s. El personal siempre har\u00e1 todo lo posible por ayudar en cualquier caso. Nuestra secci\u00f3n &#8220;Temas de Inter\u00e9s&#8221; de este sitio web proporciona m\u00e1s informaci\u00f3n sobre la ayuda disponible en ingl\u00e9s durante una visita m\u00e9dica (consulte en la secci\u00f3n\u00a0 \u201cSalud\u201d).<\/p>\n","protected":false},"featured_media":0,"template":"","meta":{"give_campaign_id":0},"product_brand":[],"product_cat":[4301],"product_tag":[],"area-of-influence":[4523,4646,4647],"languages":[4328,4293],"type-of-organisation":[],"class_list":{"0":"post-10528","1":"product","2":"type-product","3":"status-publish","5":"product_cat-servicios-sanitarios-darse-de-alta-en-la-sanidad-publica-espanola","6":"area-of-influence-arico-es","7":"area-of-influence-santa-cruz-de-tenerife-province-tenerife-la-gomera-el-hierro-la-palma-provincia-de-santa-cruz-de-tenerife-es","8":"area-of-influence-tenerife-es","9":"languages-se-habla-algo-de-ingles-bajo-peticion","10":"languages-se-habla-espanol","12":"first","13":"instock","14":"product-type-simple"},"_links":{"self":[{"href":"https:\/\/www.supportinspain.info\/es\/wp-json\/wp\/v2\/product\/10528","targetHints":{"allow":["GET"]}}],"collection":[{"href":"https:\/\/www.supportinspain.info\/es\/wp-json\/wp\/v2\/product"}],"about":[{"href":"https:\/\/www.supportinspain.info\/es\/wp-json\/wp\/v2\/types\/product"}],"wp:attachment":[{"href":"https:\/\/www.supportinspain.info\/es\/wp-json\/wp\/v2\/media?parent=10528"}],"wp:term":[{"taxonomy":"product_brand","embeddable":true,"href":"https:\/\/www.supportinspain.info\/es\/wp-json\/wp\/v2\/product_brand?post=10528"},{"taxonomy":"product_cat","embeddable":true,"href":"https:\/\/www.supportinspain.info\/es\/wp-json\/wp\/v2\/product_cat?post=10528"},{"taxonomy":"product_tag","embeddable":true,"href":"https:\/\/www.supportinspain.info\/es\/wp-json\/wp\/v2\/product_tag?post=10528"},{"taxonomy":"area-of-influence","embeddable":true,"href":"https:\/\/www.supportinspain.info\/es\/wp-json\/wp\/v2\/area-of-influence?post=10528"},{"taxonomy":"languages","embeddable":true,"href":"https:\/\/www.supportinspain.info\/es\/wp-json\/wp\/v2\/languages?post=10528"},{"taxonomy":"type-of-organisation","embeddable":true,"href":"https:\/\/www.supportinspain.info\/es\/wp-json\/wp\/v2\/type-of-organisation?post=10528"}],"curies":[{"name":"wp","href":"https:\/\/api.w.org\/{rel}","templated":true}]}}