{"id":11545,"date":"2020-03-29T21:06:23","date_gmt":"2020-03-29T19:06:23","guid":{"rendered":"https:\/\/www.supportinspain.info\/organisations\/public-health-centre-centro-de-salud-son-servera-llevant-es\/"},"modified":"2020-03-29T21:06:50","modified_gmt":"2020-03-29T19:06:50","slug":"public-health-centre-centro-de-salud-son-servera-llevant-es","status":"publish","type":"product","link":"https:\/\/www.supportinspain.info\/es\/organizaciones\/public-health-centre-centro-de-salud-son-servera-llevant-es\/","title":{"rendered":"Public Health Centre (Centro de Salud) \u2013 Son Servera &#8211; Llevant"},"content":{"rendered":"<p>El centro de salud p\u00fablico de su localidad, gestionado por IB-Salut, parte del gobierno regional, es el canal al que hay que recurrir para recibir la asistencia y el apoyo del sector p\u00fablico espa\u00f1ol en caso de padecer una dolencia m\u00e9dica o discapacidad a corto o largo plazo. Tambi\u00e9n es una v\u00eda de poder empezar el proceso a acceder a las prestaciones sociales donde la necesidad est\u00e1 vinculada a una condici\u00f3n m\u00e9dica controlada por lo m\u00e9dicos del centro. En la mayor\u00eda de los casos, hay alguien disponible que habla ingl\u00e9s, pero tenga paciencia en el caso de que no est\u00e9 disponible en ese momento.<\/p>\n","protected":false},"excerpt":{"rendered":"<p>Haga clic en el vinculo a continuaci\u00f3n para abrir una p\u00e1gina del sitio web del servicio de salud p\u00fablica de las Islas Baleares con los detalles de la direcci\u00f3n de este centro de salud, horario, etc. Debajo de cada informaci\u00f3n principal del Centro de Salud, generalmente tambi\u00e9n hay centros sat\u00e9lites m\u00e1s reducidos en \u00e1reas perif\u00e9ricas que pueden estar m\u00e1s cerca de usted. Estos se conocen como UBS (Unidades b\u00e1sicas de salud). (Abra el siguiente enlace web para el centro de salud de su \u00e1rea y despl\u00e1cese hacia abajo para ver las UBS donde corresponda).<\/p>\n","protected":false},"featured_media":0,"template":"","meta":{"give_campaign_id":0},"product_brand":[],"product_cat":[4301],"product_tag":[],"area-of-influence":[4462,4583,4437],"languages":[4433],"type-of-organisation":[],"class_list":{"0":"post-11545","1":"product","2":"type-product","3":"status-publish","5":"product_cat-servicios-sanitarios-darse-de-alta-en-la-sanidad-publica-espanola","6":"area-of-influence-mallorca-majorca-es","7":"area-of-influence-sant-llorenc-des-cardassar-incl-sa-coma-cala-millor-s-es","8":"area-of-influence-son-servera-incl-cala-millor-n-es","9":"languages-se-habla-castellano-y-catalan","11":"first","12":"instock","13":"product-type-simple"},"_links":{"self":[{"href":"https:\/\/www.supportinspain.info\/es\/wp-json\/wp\/v2\/product\/11545","targetHints":{"allow":["GET"]}}],"collection":[{"href":"https:\/\/www.supportinspain.info\/es\/wp-json\/wp\/v2\/product"}],"about":[{"href":"https:\/\/www.supportinspain.info\/es\/wp-json\/wp\/v2\/types\/product"}],"wp:attachment":[{"href":"https:\/\/www.supportinspain.info\/es\/wp-json\/wp\/v2\/media?parent=11545"}],"wp:term":[{"taxonomy":"product_brand","embeddable":true,"href":"https:\/\/www.supportinspain.info\/es\/wp-json\/wp\/v2\/product_brand?post=11545"},{"taxonomy":"product_cat","embeddable":true,"href":"https:\/\/www.supportinspain.info\/es\/wp-json\/wp\/v2\/product_cat?post=11545"},{"taxonomy":"product_tag","embeddable":true,"href":"https:\/\/www.supportinspain.info\/es\/wp-json\/wp\/v2\/product_tag?post=11545"},{"taxonomy":"area-of-influence","embeddable":true,"href":"https:\/\/www.supportinspain.info\/es\/wp-json\/wp\/v2\/area-of-influence?post=11545"},{"taxonomy":"languages","embeddable":true,"href":"https:\/\/www.supportinspain.info\/es\/wp-json\/wp\/v2\/languages?post=11545"},{"taxonomy":"type-of-organisation","embeddable":true,"href":"https:\/\/www.supportinspain.info\/es\/wp-json\/wp\/v2\/type-of-organisation?post=11545"}],"curies":[{"name":"wp","href":"https:\/\/api.w.org\/{rel}","templated":true}]}}