{"id":13624,"date":"2021-02-15T14:54:11","date_gmt":"2021-02-15T13:54:11","guid":{"rendered":"https:\/\/www.supportinspain.info\/organisations\/xatvia-council-ajuntament-ayuntamiento-es\/"},"modified":"2021-05-01T13:32:51","modified_gmt":"2021-05-01T11:32:51","slug":"xatvia-council-ajuntament-ayuntamiento-es","status":"publish","type":"product","link":"https:\/\/www.supportinspain.info\/es\/organizaciones\/xatvia-council-ajuntament-ayuntamiento-es\/","title":{"rendered":"X\u00e0tvia Council \/ Ajuntament &#8211; Ayuntamiento"},"content":{"rendered":"<p>El ayuntamiento de su localidad es la ruta para acceder a los servicios sociales en Espa\u00f1a y a su equipo de profesionales de apoyo. Adem\u00e1s, es la v\u00eda habitual para solicitar las ayudas de la Ley de Dependencia. Para poder solicitar algunas de las ayudas disponibles y muchas prestaciones es necesario estar empadronado en Espa\u00f1a un tiempo m\u00ednimo, por lo general entre un a\u00f1o y cinco a\u00f1os seg\u00fan el tipo de ayuda o prestaci\u00f3n solicitada, aunque eso podr\u00eda variar seg\u00fan las pol\u00edticas locales.<\/p>\n<p>Por este motivo es importante que los residentes y sus familias piensen en el futuro y se empadronen en su municipio, y revisen sus datos con frecuencia (ver secci\u00f3n \u00abtemas de inter\u00e9s \u2013 entender el sistema\u00bb de esta web). (Si un ciudadano brit\u00e1nico residente no est\u00e1 empadronado, es posible que en casos extremos se pueda acceder a alguna ayuda de emergencia a corto plazo, pero la misma es limitada, no puede preverse y var\u00eda seg\u00fan el municipio).<\/p>\n<p>La Comunidad Valenciana (Provincias de Alicante, Valencia y Castell\u00f3n) tiene un programa de apoyo a los ayuntamientos para fomentar la integraci\u00f3n de los inmigrantes en su \u00e1mbito local. El programa se llama Pangea y la mayor\u00eda de los ayuntamientos de la regi\u00f3n lo ofrecen al usuario o en caso contrario ellos pueden ponerle en contacto con Pangea. Entre sus diversos servicios se encuentra el asesoramiento sobre cualquier problema de residencia para un extranjero que ya vive en Espa\u00f1a o si la persona no tiene los documentos en regla.<\/p>\n","protected":false},"excerpt":{"rendered":"<p>El ayuntamiento de su localidad es la ruta para acceder a los servicios sociales en Espa\u00f1a y a su equipo de profesionales de apoyo. Adem\u00e1s, es<span class=\"excerpt-hellip\"> [\u2026]<\/span><\/p>\n","protected":false},"featured_media":0,"template":"","meta":{"give_campaign_id":0},"product_brand":[],"product_cat":[4312,4325,4326,4435,4332,4307,4310,4309,4300,4327,4321,4858,4319,4317,4304],"product_tag":[],"area-of-influence":[5255,4660,5230],"languages":[4328,5248],"type-of-organisation":[3383],"class_list":{"0":"post-13624","1":"product","2":"type-product","3":"status-publish","5":"product_cat-ayuda-en-casa-alimentos-comida","6":"product_cat-bienestar-alojamiento-y-comedores","7":"product_cat-bienestar-centros-de-acogida-y-refugios","8":"product_cat-bienestar-ninos-familias-y-juventud","9":"product_cat-bienestar-ropa","10":"product_cat-discapacidad-aparatos-para-movilidad-asistida","11":"product_cat-discapacidad-atencion-permanente-o-provisional-en-casa","12":"product_cat-discapacidad-tarjetas-de-aparcamiento","13":"product_cat-finanzas-consejo-sobre-prestaciones-espanolas-a-las-que-pueden-tener-acceso-los-residentes-britanicos","14":"product_cat-orientacion-clases-de-idiomas-gratuitas-o-economicas","15":"product_cat-orientacion-darse-de-alta-en-el-padron-municipal","16":"product_cat-orientacion-registro-como-residente-en-espana-apoyo-adicional","17":"product_cat-orientacion-servicios-sociales-espanoles","18":"product_cat-orientacion-traduccion-de-documentos-en-espanol","19":"product_cat-servicios-sanitarios-atencion-medica-o-de-enfermeria-en-casa","20":"area-of-influence-costa-azahar","21":"area-of-influence-valencia-province-provincia-de-valencia-valencia-es","22":"area-of-influence-xativa-jativa-xativa-jativa","23":"languages-se-habla-algo-de-ingles-bajo-peticion","24":"languages-se-habla-castellano-y-valenciano","25":"type-of-organisation-publico","27":"first","28":"instock","29":"product-type-simple"},"_links":{"self":[{"href":"https:\/\/www.supportinspain.info\/es\/wp-json\/wp\/v2\/product\/13624","targetHints":{"allow":["GET"]}}],"collection":[{"href":"https:\/\/www.supportinspain.info\/es\/wp-json\/wp\/v2\/product"}],"about":[{"href":"https:\/\/www.supportinspain.info\/es\/wp-json\/wp\/v2\/types\/product"}],"wp:attachment":[{"href":"https:\/\/www.supportinspain.info\/es\/wp-json\/wp\/v2\/media?parent=13624"}],"wp:term":[{"taxonomy":"product_brand","embeddable":true,"href":"https:\/\/www.supportinspain.info\/es\/wp-json\/wp\/v2\/product_brand?post=13624"},{"taxonomy":"product_cat","embeddable":true,"href":"https:\/\/www.supportinspain.info\/es\/wp-json\/wp\/v2\/product_cat?post=13624"},{"taxonomy":"product_tag","embeddable":true,"href":"https:\/\/www.supportinspain.info\/es\/wp-json\/wp\/v2\/product_tag?post=13624"},{"taxonomy":"area-of-influence","embeddable":true,"href":"https:\/\/www.supportinspain.info\/es\/wp-json\/wp\/v2\/area-of-influence?post=13624"},{"taxonomy":"languages","embeddable":true,"href":"https:\/\/www.supportinspain.info\/es\/wp-json\/wp\/v2\/languages?post=13624"},{"taxonomy":"type-of-organisation","embeddable":true,"href":"https:\/\/www.supportinspain.info\/es\/wp-json\/wp\/v2\/type-of-organisation?post=13624"}],"curies":[{"name":"wp","href":"https:\/\/api.w.org\/{rel}","templated":true}]}}