{"id":14987,"date":"2023-10-18T12:47:11","date_gmt":"2023-10-18T10:47:11","guid":{"rendered":"https:\/\/www.supportinspain.info\/organisations\/ace-alzheimer-center-es\/"},"modified":"2025-03-31T11:00:56","modified_gmt":"2025-03-31T09:00:56","slug":"ace-alzheimer-center-es","status":"publish","type":"product","link":"https:\/\/www.supportinspain.info\/es\/organizaciones\/ace-alzheimer-center-es\/","title":{"rendered":"ACE Alzheimer Center"},"content":{"rendered":"<p>Todo el equipo habla algo de ingl\u00e9s. La p\u00e1gina web ofrece m\u00e1s informaci\u00f3n sobre la organizaci\u00f3n en ingl\u00e9s. Todos los meses hay una jornada de puertas abiertas en la unidad de diagn\u00f3stico o online a la que se puede acceder poni\u00e9ndose en contacto con ellos. El centro de d\u00eda tiene personal que habla ingl\u00e9s. Cubre la ciudad de Barcelona.<\/p>\n","protected":false},"excerpt":{"rendered":"<p>ACE Alzheimer Center es una fundaci\u00f3n que ofrece pruebas, informaci\u00f3n y asesoramiento a personas y familiares de personas que padecen Alzheimer u otra demencia. El centro de d\u00eda atiende a personas de la ciudad de Barcelona. Ofrecen pruebas de memoria gratuitas a personas mayores de 50 a\u00f1os que pueden realizarse en su jornada de puertas abiertas. En la jornada de puertas abiertas, familiares y amigos pueden acudir a la unidad de diagn\u00f3stico.<\/p>\n","protected":false},"featured_media":0,"template":"","meta":{"give_campaign_id":0},"product_brand":[],"product_cat":[4295,4358],"product_tag":[],"area-of-influence":[4181,4707,4871,5011],"languages":[4433,4292],"type-of-organisation":[3348],"class_list":{"0":"post-14987","1":"product","2":"type-product","3":"status-publish","5":"product_cat-apoyo-demencia-y-alzheimer","6":"product_cat-apoyo-parkinson","7":"area-of-influence-barcelona-province-provincia-de-barcelona","8":"area-of-influence-barcelona-province-provincia-de-barcelona-es","9":"area-of-influence-city-of-barcelona-ciudad-de-barcelona","10":"area-of-influence-city-of-barcelona-ciudad-de-barcelona-es","11":"languages-se-habla-castellano-y-catalan","12":"languages-se-habla-ingles","13":"type-of-organisation-ong-grupo-voluntariado","15":"first","16":"instock","17":"product-type-simple"},"_links":{"self":[{"href":"https:\/\/www.supportinspain.info\/es\/wp-json\/wp\/v2\/product\/14987","targetHints":{"allow":["GET"]}}],"collection":[{"href":"https:\/\/www.supportinspain.info\/es\/wp-json\/wp\/v2\/product"}],"about":[{"href":"https:\/\/www.supportinspain.info\/es\/wp-json\/wp\/v2\/types\/product"}],"wp:attachment":[{"href":"https:\/\/www.supportinspain.info\/es\/wp-json\/wp\/v2\/media?parent=14987"}],"wp:term":[{"taxonomy":"product_brand","embeddable":true,"href":"https:\/\/www.supportinspain.info\/es\/wp-json\/wp\/v2\/product_brand?post=14987"},{"taxonomy":"product_cat","embeddable":true,"href":"https:\/\/www.supportinspain.info\/es\/wp-json\/wp\/v2\/product_cat?post=14987"},{"taxonomy":"product_tag","embeddable":true,"href":"https:\/\/www.supportinspain.info\/es\/wp-json\/wp\/v2\/product_tag?post=14987"},{"taxonomy":"area-of-influence","embeddable":true,"href":"https:\/\/www.supportinspain.info\/es\/wp-json\/wp\/v2\/area-of-influence?post=14987"},{"taxonomy":"languages","embeddable":true,"href":"https:\/\/www.supportinspain.info\/es\/wp-json\/wp\/v2\/languages?post=14987"},{"taxonomy":"type-of-organisation","embeddable":true,"href":"https:\/\/www.supportinspain.info\/es\/wp-json\/wp\/v2\/type-of-organisation?post=14987"}],"curies":[{"name":"wp","href":"https:\/\/api.w.org\/{rel}","templated":true}]}}