{"id":9899,"date":"2019-05-27T23:33:43","date_gmt":"2019-05-27T21:33:43","guid":{"rendered":"https:\/\/www.supportinspain.info\/organisations\/torremolinos-council-ayuntamiento-es\/"},"modified":"2024-03-04T11:27:18","modified_gmt":"2024-03-04T10:27:18","slug":"torremolinos-council-ayuntamiento-es","status":"publish","type":"product","link":"https:\/\/www.supportinspain.info\/es\/organizaciones\/torremolinos-council-ayuntamiento-es\/","title":{"rendered":"Torremolinos Council \/ Ayuntamiento"},"content":{"rendered":"<p>El ayuntamiento es la v\u00eda habitual para obtener acceso a los servicios sociales en Espa\u00f1a y a su equipo de profesionales de apoyo en casos de vulnerabilidad. Para poder acceder a muchos de los servicios sociales o prestaciones es necesario estar empadronado en Espa\u00f1a un tiempo m\u00ednimo, por lo general entre un a\u00f1o y cinco a\u00f1os seg\u00fan el tipo de apoyo o prestaci\u00f3n solicitada, aunque eso podr\u00eda variar seg\u00fan las pol\u00edticas locales.<\/p>\n<p>Por este motivo es importante que los residentes y sus familias piensen en el futuro y se empadronen en su municipio, y revisen sus datos con frecuencia (ver secci\u00f3n \u00abtemas de inter\u00e9s &#8211; entender el sistema\u00bb de esta web). (Si un ciudadano brit\u00e1nico residente no est\u00e1 empadronado, es posible que en casos extremos se pueda acceder a alguna ayuda de emergencia a corto plazo, pero la misma es limitada, no puede preverse y var\u00eda seg\u00fan el municipio).<\/p>\n","protected":false},"excerpt":{"rendered":"<p>La oficina de atenci\u00f3n al residente extranjero se sit\u00faa en el ayuntamiento. (0034) 951954395.<\/p>\n","protected":false},"featured_media":0,"template":"","meta":{"give_campaign_id":0},"product_brand":[],"product_cat":[4312,4325,4326,4435,4332,4307,4310,4309,4300,4327,4321,4319,4317],"product_tag":[],"area-of-influence":[4610,4609,4792],"languages":[4293,4292],"type-of-organisation":[3383],"class_list":{"0":"post-9899","1":"product","2":"type-product","3":"status-publish","5":"product_cat-ayuda-en-casa-alimentos-comida","6":"product_cat-bienestar-alojamiento-y-comedores","7":"product_cat-bienestar-centros-de-acogida-y-refugios","8":"product_cat-bienestar-ninos-familias-y-juventud","9":"product_cat-bienestar-ropa","10":"product_cat-discapacidad-aparatos-para-movilidad-asistida","11":"product_cat-discapacidad-atencion-permanente-o-provisional-en-casa","12":"product_cat-discapacidad-tarjetas-de-aparcamiento","13":"product_cat-finanzas-consejo-sobre-prestaciones-espanolas-a-las-que-pueden-tener-acceso-los-residentes-britanicos","14":"product_cat-orientacion-clases-de-idiomas-gratuitas-o-economicas","15":"product_cat-orientacion-darse-de-alta-en-el-padron-municipal","16":"product_cat-orientacion-servicios-sociales-espanoles","17":"product_cat-orientacion-traduccion-de-documentos-en-espanol","18":"area-of-influence-costa-del-sol-es","19":"area-of-influence-malaga-province-provincia-de-malaga-es","20":"area-of-influence-torremolinos-es","21":"languages-se-habla-espanol","22":"languages-se-habla-ingles","23":"type-of-organisation-publico","25":"first","26":"instock","27":"product-type-simple"},"_links":{"self":[{"href":"https:\/\/www.supportinspain.info\/es\/wp-json\/wp\/v2\/product\/9899","targetHints":{"allow":["GET"]}}],"collection":[{"href":"https:\/\/www.supportinspain.info\/es\/wp-json\/wp\/v2\/product"}],"about":[{"href":"https:\/\/www.supportinspain.info\/es\/wp-json\/wp\/v2\/types\/product"}],"wp:attachment":[{"href":"https:\/\/www.supportinspain.info\/es\/wp-json\/wp\/v2\/media?parent=9899"}],"wp:term":[{"taxonomy":"product_brand","embeddable":true,"href":"https:\/\/www.supportinspain.info\/es\/wp-json\/wp\/v2\/product_brand?post=9899"},{"taxonomy":"product_cat","embeddable":true,"href":"https:\/\/www.supportinspain.info\/es\/wp-json\/wp\/v2\/product_cat?post=9899"},{"taxonomy":"product_tag","embeddable":true,"href":"https:\/\/www.supportinspain.info\/es\/wp-json\/wp\/v2\/product_tag?post=9899"},{"taxonomy":"area-of-influence","embeddable":true,"href":"https:\/\/www.supportinspain.info\/es\/wp-json\/wp\/v2\/area-of-influence?post=9899"},{"taxonomy":"languages","embeddable":true,"href":"https:\/\/www.supportinspain.info\/es\/wp-json\/wp\/v2\/languages?post=9899"},{"taxonomy":"type-of-organisation","embeddable":true,"href":"https:\/\/www.supportinspain.info\/es\/wp-json\/wp\/v2\/type-of-organisation?post=9899"}],"curies":[{"name":"wp","href":"https:\/\/api.w.org\/{rel}","templated":true}]}}